{"id":100,"date":"2018-11-09T13:16:26","date_gmt":"2018-11-09T13:16:26","guid":{"rendered":"http:\/\/sopemi.es\/?page_id=100"},"modified":"2018-11-09T17:12:25","modified_gmt":"2018-11-09T17:12:25","slug":"programa-de-integracion-laboral","status":"publish","type":"page","link":"http:\/\/sopemi.es\/?page_id=100","title":{"rendered":"INTEGRACI\u00d3N LABORAL"},"content":{"rendered":"<p style=\"text-align: center;\"><u><\/u><strong><u>PROGRAMA DE INTEGRACI\u00d3N LABORAL<\/u><\/strong><\/p>\n<p>SOPEMI lleva a cabo un Programa de integraci\u00f3n Laboral para personas con discapacidad financiado por el SEPAD de la Junta de Extremadura.<\/p>\n<ul>\n<li><strong><u>El objetivo genera<\/u><\/strong><strong><u>l 1.-<\/u><\/strong> Lograr la integraci\u00f3n laboral de las personas con discapacidad de nuestra zona a trav\u00e9s de una intervenci\u00f3n que favorezca su promoci\u00f3n a nivel personal, social y laboral.<\/li>\n<li><strong><u>El objetivo genera<\/u><\/strong><strong><u>l 2.-<\/u><\/strong> Fomentar el uso de los recursos comunitarios de empleo. Para romper las barreras que impiden la normalizaci\u00f3n social de estas personas.<\/li>\n<li><strong><u>El objetivo genera<\/u><\/strong><strong><u>l 3.-<\/u><\/strong> Concienciar a las empresas privadas y organismos p\u00fablicos de las ventajas econ\u00f3micas y sociales de contratar personas con discapacidad.<\/li>\n<\/ul>\n<p>Nuestro \u00e1mbito de actuaci\u00f3n es comarcal y contamos con una amplia bolsa de empleo con personas inscritas de Navalvillar de Pela, Casas de Don Pedro, Talarrubias, Orellana la Vieja, Orellana de la Sierra, Acedera, Guadalperales, Madrigalejo y otros pueblos cercanos.<\/p>\n<p>Si estas interesado en inscribirte, <img loading=\"lazy\" decoding=\"async\" class=\" wp-image-107 alignright\" src=\"http:\/\/sopemi.es\/wp-content\/uploads\/2018\/11\/1202-SOPEMI-CARTEL-SERVICIO-ORIENTACION-A3-213x300.jpg\" alt=\"\" width=\"321\" height=\"452\" srcset=\"http:\/\/sopemi.es\/wp-content\/uploads\/2018\/11\/1202-SOPEMI-CARTEL-SERVICIO-ORIENTACION-A3-213x300.jpg 213w, http:\/\/sopemi.es\/wp-content\/uploads\/2018\/11\/1202-SOPEMI-CARTEL-SERVICIO-ORIENTACION-A3-768x1081.jpg 768w, http:\/\/sopemi.es\/wp-content\/uploads\/2018\/11\/1202-SOPEMI-CARTEL-SERVICIO-ORIENTACION-A3-728x1024.jpg 728w, http:\/\/sopemi.es\/wp-content\/uploads\/2018\/11\/1202-SOPEMI-CARTEL-SERVICIO-ORIENTACION-A3.jpg 881w\" sizes=\"auto, (max-width: 321px) 100vw, 321px\" \/><\/p>\n<p>puedes ponerte en contacto con nosotros en:<\/p>\n<p>t\u00e9cnico-inserci\u00f3n@sopemi.es<\/p>\n<p>Tlfs: 924861819-924861822<\/p>\n","protected":false},"excerpt":{"rendered":"<p>PROGRAMA DE INTEGRACI\u00d3N LABORAL SOPEMI lleva a cabo un Programa de integraci\u00f3n Laboral para personas con discapacidad financiado por el SEPAD de la Junta de Extremadura. El objetivo general 1.- Lograr la integraci\u00f3n laboral de las personas con discapacidad de nuestra zona a trav\u00e9s de una intervenci\u00f3n que favorezca su promoci\u00f3n a nivel personal, social <a href=\"http:\/\/sopemi.es\/?page_id=100\" class=\"more-link\">...contin\u00faa leyendo<span class=\"screen-reader-text\"> \"INTEGRACI\u00d3N LABORAL\"<\/span><\/a><\/p>\n","protected":false},"author":1,"featured_media":114,"parent":0,"menu_order":0,"comment_status":"closed","ping_status":"closed","template":"","meta":{"footnotes":""},"class_list":["post-100","page","type-page","status-publish","has-post-thumbnail","h-entry","hentry","h-as-page"],"_links":{"self":[{"href":"http:\/\/sopemi.es\/index.php?rest_route=\/wp\/v2\/pages\/100","targetHints":{"allow":["GET"]}}],"collection":[{"href":"http:\/\/sopemi.es\/index.php?rest_route=\/wp\/v2\/pages"}],"about":[{"href":"http:\/\/sopemi.es\/index.php?rest_route=\/wp\/v2\/types\/page"}],"author":[{"embeddable":true,"href":"http:\/\/sopemi.es\/index.php?rest_route=\/wp\/v2\/users\/1"}],"replies":[{"embeddable":true,"href":"http:\/\/sopemi.es\/index.php?rest_route=%2Fwp%2Fv2%2Fcomments&post=100"}],"version-history":[{"count":8,"href":"http:\/\/sopemi.es\/index.php?rest_route=\/wp\/v2\/pages\/100\/revisions"}],"predecessor-version":[{"id":105,"href":"http:\/\/sopemi.es\/index.php?rest_route=\/wp\/v2\/pages\/100\/revisions\/105"}],"wp:featuredmedia":[{"embeddable":true,"href":"http:\/\/sopemi.es\/index.php?rest_route=\/wp\/v2\/media\/114"}],"wp:attachment":[{"href":"http:\/\/sopemi.es\/index.php?rest_route=%2Fwp%2Fv2%2Fmedia&parent=100"}],"curies":[{"name":"wp","href":"https:\/\/api.w.org\/{rel}","templated":true}]}}