{"id":40,"date":"2018-10-22T12:05:52","date_gmt":"2018-10-22T12:05:52","guid":{"rendered":"http:\/\/sopemi.es\/?page_id=40"},"modified":"2018-11-19T16:58:13","modified_gmt":"2018-11-19T16:58:13","slug":"objetivos","status":"publish","type":"page","link":"http:\/\/sopemi.es\/?page_id=40","title":{"rendered":"OBJETIVOS"},"content":{"rendered":"<p>La asociaci\u00f3n se constituy\u00f3 como tal en Octubre de 1.981, el comienzo de la misma tuvo un car\u00e1cter totalmente asistencial, se organizaron talleres ocupacionales que permitieron sacar de sus casas a aquellas personas con discapacidad\u00a0que por sus deficiencias no ten\u00edan actividades de ning\u00fan tipo. Se comenz\u00f3 con un taller de mu\u00f1equer\u00eda y manualidades que al principio estuvo en un local cedido por el Ayuntamiento.<\/p>\n<p>Desde entonces se han llevado a cabo todo tipo de acciones y programas para ayudar a estas personas, siempre en colaboraci\u00f3n y con la ayuda de organismos oficiales, Ayuntamiento, Junta de Extramadura, Gobierno, Comisi\u00f3n Europea, etc.<\/p>\n<p>Nuestra labor est\u00e1 orientada por tanto hacia la integraci\u00f3n de las personas discapacitadas en la sociedad, y a la vez intervenir en la comunidad para cambiar todas las actitudes, creencias y sentimientos negativos hacia estas personas.<\/p>\n<p>En cuanto a la filosof\u00eda de nuestra asociaci\u00f3n, tenemos que tener en cuenta que el concepto de Integraci\u00f3n ha ido evolucionando en los \u00faltimos a\u00f1os, si en un principio hab\u00eda una filosof\u00eda marcadamente asistencial, ahora las Instituciones y asociaciones est\u00e1n comprobando la importancia de la Integraci\u00f3n Laboral. El trabajo tiene una significaci\u00f3n y un valor social que trasciende el reduccionismo econ\u00f3mico de otras \u00e9pocas (grado de satisfacci\u00f3n, adscripci\u00f3n de estatus, prestigio, rol social, etc.), el acceso al mundo del trabajo constituye, por tanto, un instrumento para conseguir mayores cotas de igualdad y similitud con las personas normales, un discapacitado lo es menos, o deja de serlo, si consigue un empleo. Este principio de normalizaci\u00f3n constituye el procedimiento por el que la Integraci\u00f3n se produce. En este sentido el Centro Ocupacional juega un papel muy importante, como v\u00eda de paso y preparaci\u00f3n de las personas discapacitadas para que puedan acceder a un puesto de trabajo bien en un Centro Especial de Empleo o en el Empleo Ordinario. A su vez el Centro Especial de Empleo sirve como puente para el empleo ordinario.<\/p>\n","protected":false},"excerpt":{"rendered":"<p>La asociaci\u00f3n se constituy\u00f3 como tal en Octubre de 1.981, el comienzo de la misma tuvo un car\u00e1cter totalmente asistencial, se organizaron talleres ocupacionales que permitieron sacar de sus casas a aquellas personas con discapacidad\u00a0que por sus deficiencias no ten\u00edan actividades de ning\u00fan tipo. Se comenz\u00f3 con un taller de mu\u00f1equer\u00eda y manualidades que al <a href=\"http:\/\/sopemi.es\/?page_id=40\" class=\"more-link\">...contin\u00faa leyendo<span class=\"screen-reader-text\"> \"OBJETIVOS\"<\/span><\/a><\/p>\n","protected":false},"author":1,"featured_media":119,"parent":45,"menu_order":0,"comment_status":"closed","ping_status":"closed","template":"","meta":{"footnotes":""},"class_list":["post-40","page","type-page","status-publish","has-post-thumbnail","h-entry","hentry","h-as-page"],"_links":{"self":[{"href":"http:\/\/sopemi.es\/index.php?rest_route=\/wp\/v2\/pages\/40","targetHints":{"allow":["GET"]}}],"collection":[{"href":"http:\/\/sopemi.es\/index.php?rest_route=\/wp\/v2\/pages"}],"about":[{"href":"http:\/\/sopemi.es\/index.php?rest_route=\/wp\/v2\/types\/page"}],"author":[{"embeddable":true,"href":"http:\/\/sopemi.es\/index.php?rest_route=\/wp\/v2\/users\/1"}],"replies":[{"embeddable":true,"href":"http:\/\/sopemi.es\/index.php?rest_route=%2Fwp%2Fv2%2Fcomments&post=40"}],"version-history":[{"count":2,"href":"http:\/\/sopemi.es\/index.php?rest_route=\/wp\/v2\/pages\/40\/revisions"}],"predecessor-version":[{"id":124,"href":"http:\/\/sopemi.es\/index.php?rest_route=\/wp\/v2\/pages\/40\/revisions\/124"}],"up":[{"embeddable":true,"href":"http:\/\/sopemi.es\/index.php?rest_route=\/wp\/v2\/pages\/45"}],"wp:featuredmedia":[{"embeddable":true,"href":"http:\/\/sopemi.es\/index.php?rest_route=\/wp\/v2\/media\/119"}],"wp:attachment":[{"href":"http:\/\/sopemi.es\/index.php?rest_route=%2Fwp%2Fv2%2Fmedia&parent=40"}],"curies":[{"name":"wp","href":"https:\/\/api.w.org\/{rel}","templated":true}]}}